{"id":10157,"date":"2023-11-23T15:38:06","date_gmt":"2023-11-23T14:38:06","guid":{"rendered":"https:\/\/www.paxchristi.at\/?page_id=10157"},"modified":"2025-12-22T12:19:58","modified_gmt":"2025-12-22T11:19:58","slug":"mitglied-werden","status":"publish","type":"page","link":"https:\/\/www.paxchristi.at\/?page_id=10157","title":{"rendered":"MITGLIED WERDEN"},"content":{"rendered":"<p><strong>MITGLIED WERDEN<\/strong><\/p>\n<p><span style=\"font-size: 10.5pt; font-family: 'Verdana',sans-serif;\">Die Arbeit von Pax Christi \u00d6sterreich basiert auf den verschiedenen Landesgruppen. Im Moment sind Landesgruppen in Ober\u00f6sterreich, der Steiermark und Tirol aktiv. Sollten Sie an regionalen Aktionen in einem dieser Bundesl\u00e4nder interessiert sein, nutzen Sie bitte den <a href=\"https:\/\/www.paxchristi.at\/?page_id=3\">Kontakt zur der jeweiligen Gruppe<\/a>.<\/span><\/p>\n<p><span style=\"font-size: 10.5pt; font-family: 'Verdana',sans-serif;\">Wenn Sie in keinem dieser Bundesl\u00e4nder zuhause sind und trotzdem mitarbeiten wollen, w\u00fcrden wir uns sehr \u00fcber eine Nachricht an <a href=\"mailto:office@paxchristi.at\">office@paxchristi.at<\/a> freuen.<\/span> <span style=\"font-size: 10.5pt; font-family: 'Verdana',sans-serif;\">Vielleicht sind Sie an der Gr\u00fcndung einer neuen Landesgruppe, der Mitarbeit in einer <a href=\"https:\/\/www.paxchristi.at\/?page_id=10160\">Kommission oder AG<\/a> interessiert oder der Teilnahme an bestehenden Onlinegruppen &#8211; wir freuen uns jedenfalls auf Ihre Nachricht.<\/span><\/p>\n<p>Mit einer Mitgliedschaft unterst\u00fctzen Sie die Arbeit von Pax Christi. Wir bitten daf\u00fcr um einen finanziellen Beitrag in H\u00f6he von \u20ac 20 (erm\u00e4\u00dfigt) und \u20ac 30 (regul\u00e4r). Wenn Sie einen h\u00f6heren Beitrag geben m\u00f6chten, ist das nat\u00fcrlich m\u00f6glich und w\u00fcrde uns sehr freuen!<\/p>\n<p><strong>Mitgliedschaften in den Landesgruppen:<\/strong><\/p>\n<ul>\n<li><em><strong>Tirol:<\/strong><\/em><\/li>\n<\/ul>\n<p>Der Mitgliedsbeitrag f\u00fcr Pax Christi Tirol betr\u00e4gt \u20ac 30.-<br \/>\nHYPO TIROL BANK<br \/>\nLautend auf Pax Christi Tirol<br \/>\nIBAN: AT55 5700 0300 5560 6266<\/p>\n<ul>\n<li><strong>Ober\u00f6sterreich:<\/strong><\/li>\n<\/ul>\n<p>Bei Interesse bitten wir um Kontaktaufnahme unter: <a href=\"mailto:office@paxchristi.at\">office@paxchristi.at<\/a><\/p>\n<p>Der Mitgliedsbeitrag f\u00fcr Ober\u00f6sterreich betr\u00e4gt \u20ac 30.-<\/p>\n<p>Wir bitten darum, <a href=\"https:\/\/www.paxchristi.at\/wp-content\/uploads\/2025\/12\/Beitrittsformular.docx\">dieses Kontaktformular<\/a> ausgef\u00fcllt an <a href=\"mailto:office@paxchristi.at\">office@paxchristi.at<\/a> zu schicken<\/p>\n<p>Oesterr.Sektion Pax Christi<br \/>\n(Hypo Ober\u00f6sterreich)<br \/>\nIBAN: AT50 5400 0000 0037 3019<br \/>\nBIC: OBLAAT2L<\/p>\n<ul>\n<li><strong>Steiermark:<\/strong><\/li>\n<\/ul>\n<p>Bei Interesse bitten wir um Kontaktaufnahme unter: <a href=\"mailto:petra.lex@graz-seckau.at\">petra.lex@graz-seckau.at<\/a><\/p>\n<ul>\n<li><strong>Vorarlberg:<\/strong><\/li>\n<\/ul>\n<p>Bei Interesse bitten wir um Kontaktaufnahme unter: <a href=\"mailto:office@paxchristi.at\">office@paxchristi.at<\/a><\/p>\n<p>Der Mitgliedsbeitrag f\u00fcr Vorarlberg betr\u00e4gt \u20ac 30.-<\/p>\n<p>Oesterr.Sektion Pax Christi<br \/>\n(Hypo Ober\u00f6sterreich)<br \/>\nIBAN: AT50 5400 0000 0037 3019<br \/>\nBIC: OBLAAT2L<\/p>\n","protected":false},"excerpt":{"rendered":"<p>MITGLIED WERDEN Die Arbeit von Pax Christi \u00d6sterreich basiert auf den verschiedenen Landesgruppen. Im Moment sind Landesgruppen in Ober\u00f6sterreich, der Steiermark und Tirol aktiv. Sollten Sie an regionalen Aktionen in einem dieser Bundesl\u00e4nder interessiert sein, nutzen Sie bitte den Kontakt zur der jeweiligen Gruppe. Wenn Sie in keinem dieser Bundesl\u00e4nder zuhause sind und trotzdem mitarbeiten &hellip; <\/p>\n<p class=\"link-more\"><a href=\"https:\/\/www.paxchristi.at\/?page_id=10157\" class=\"more-link\"><span class=\"screen-reader-text\">\u201eMITGLIED WERDEN\u201c<\/span> weiterlesen<\/a><\/p>\n","protected":false},"author":1,"featured_media":0,"parent":0,"menu_order":0,"comment_status":"closed","ping_status":"closed","template":"","meta":{"footnotes":"","_mc_calendar":[]},"_links":{"self":[{"href":"https:\/\/www.paxchristi.at\/index.php?rest_route=\/wp\/v2\/pages\/10157"}],"collection":[{"href":"https:\/\/www.paxchristi.at\/index.php?rest_route=\/wp\/v2\/pages"}],"about":[{"href":"https:\/\/www.paxchristi.at\/index.php?rest_route=\/wp\/v2\/types\/page"}],"author":[{"embeddable":true,"href":"https:\/\/www.paxchristi.at\/index.php?rest_route=\/wp\/v2\/users\/1"}],"replies":[{"embeddable":true,"href":"https:\/\/www.paxchristi.at\/index.php?rest_route=%2Fwp%2Fv2%2Fcomments&post=10157"}],"version-history":[{"count":12,"href":"https:\/\/www.paxchristi.at\/index.php?rest_route=\/wp\/v2\/pages\/10157\/revisions"}],"predecessor-version":[{"id":10749,"href":"https:\/\/www.paxchristi.at\/index.php?rest_route=\/wp\/v2\/pages\/10157\/revisions\/10749"}],"wp:attachment":[{"href":"https:\/\/www.paxchristi.at\/index.php?rest_route=%2Fwp%2Fv2%2Fmedia&parent=10157"}],"curies":[{"name":"wp","href":"https:\/\/api.w.org\/{rel}","templated":true}]}}