{"id":10160,"date":"2023-11-23T15:38:06","date_gmt":"2023-11-23T14:38:06","guid":{"rendered":"https:\/\/www.paxchristi.at\/?page_id=10160"},"modified":"2023-11-23T16:01:43","modified_gmt":"2023-11-23T15:01:43","slug":"kommissionen-ags","status":"publish","type":"page","link":"https:\/\/www.paxchristi.at\/?page_id=10160","title":{"rendered":"Kommissionen \/ AGs"},"content":{"rendered":"<p><strong>Kommissionen<\/strong><\/p>\n<p><a href=\"https:\/\/www.paxchristi.at\/wp-content\/uploads\/2023\/09\/cropped-PCOe_logo-1-jpeg.jpg\"><img decoding=\"async\" loading=\"lazy\" class=\"alignnone  wp-image-10138\" src=\"https:\/\/www.paxchristi.at\/wp-content\/uploads\/2023\/09\/cropped-PCOe_logo-1-jpeg-300x182.jpg\" alt=\"\" width=\"234\" height=\"142\" srcset=\"https:\/\/www.paxchristi.at\/wp-content\/uploads\/2023\/09\/cropped-PCOe_logo-1-jpeg-300x182.jpg 300w, https:\/\/www.paxchristi.at\/wp-content\/uploads\/2023\/09\/cropped-PCOe_logo-1-jpeg.jpg 411w\" sizes=\"(max-width: 234px) 100vw, 234px\" \/><\/a><\/p>\n<p>Pax Christi \u00d6sterreich arbeitet einerseits auf lokaler Ebene in Landes- und Regionalgruppen, daneben gibt es aber auch thematische Gruppen, die sich besonders mit einem friedenspolitischen Thema auseinandersetzen.<\/p>\n<p>W\u00e4hlen sie im Drop-Down-Men\u00fc oben die gew\u00fcnschte Kommission oder Arbeitsgruppe (AG) aus, um zu deren jeweiliger Seite zu gelangen<\/p>\n<p>Sollten Sie an einer Mitarbeit an einer der Gruppen interessiert sein, kontaktieren sie einfach die Vorsitzenden bzw. das \u00d6sterreich-B\u00fcro (<a href=\"mailto:office@paxchristi.at\">office@paxchristi.at<\/a>)<\/p>\n","protected":false},"excerpt":{"rendered":"<p>Kommissionen Pax Christi \u00d6sterreich arbeitet einerseits auf lokaler Ebene in Landes- und Regionalgruppen, daneben gibt es aber auch thematische Gruppen, die sich besonders mit einem friedenspolitischen Thema auseinandersetzen. W\u00e4hlen sie im Drop-Down-Men\u00fc oben die gew\u00fcnschte Kommission oder Arbeitsgruppe (AG) aus, um zu deren jeweiliger Seite zu gelangen Sollten Sie an einer Mitarbeit an einer der &hellip; <\/p>\n<p class=\"link-more\"><a href=\"https:\/\/www.paxchristi.at\/?page_id=10160\" class=\"more-link\"><span class=\"screen-reader-text\">\u201eKommissionen \/ AGs\u201c<\/span> weiterlesen<\/a><\/p>\n","protected":false},"author":1,"featured_media":0,"parent":0,"menu_order":0,"comment_status":"closed","ping_status":"closed","template":"","meta":{"footnotes":"","_mc_calendar":[]},"_links":{"self":[{"href":"https:\/\/www.paxchristi.at\/index.php?rest_route=\/wp\/v2\/pages\/10160"}],"collection":[{"href":"https:\/\/www.paxchristi.at\/index.php?rest_route=\/wp\/v2\/pages"}],"about":[{"href":"https:\/\/www.paxchristi.at\/index.php?rest_route=\/wp\/v2\/types\/page"}],"author":[{"embeddable":true,"href":"https:\/\/www.paxchristi.at\/index.php?rest_route=\/wp\/v2\/users\/1"}],"replies":[{"embeddable":true,"href":"https:\/\/www.paxchristi.at\/index.php?rest_route=%2Fwp%2Fv2%2Fcomments&post=10160"}],"version-history":[{"count":3,"href":"https:\/\/www.paxchristi.at\/index.php?rest_route=\/wp\/v2\/pages\/10160\/revisions"}],"predecessor-version":[{"id":10175,"href":"https:\/\/www.paxchristi.at\/index.php?rest_route=\/wp\/v2\/pages\/10160\/revisions\/10175"}],"wp:attachment":[{"href":"https:\/\/www.paxchristi.at\/index.php?rest_route=%2Fwp%2Fv2%2Fmedia&parent=10160"}],"curies":[{"name":"wp","href":"https:\/\/api.w.org\/{rel}","templated":true}]}}