{"id":10176,"date":"2023-11-23T16:08:34","date_gmt":"2023-11-23T15:08:34","guid":{"rendered":"https:\/\/www.paxchristi.at\/?page_id=10176"},"modified":"2023-11-23T16:24:30","modified_gmt":"2023-11-23T15:24:30","slug":"jaegerstaetter-kommission","status":"publish","type":"page","link":"https:\/\/www.paxchristi.at\/?page_id=10176","title":{"rendered":"J\u00e4gerst\u00e4tter-Kommission"},"content":{"rendered":"<p><strong>J\u00e4gerst\u00e4tter-Kommission<\/strong><\/p>\n<p>Wir wollen Franz J\u00e4gerst\u00e4tters prophetisches Zeugnis sowie seine Botschaft von Gewaltfreiheit und Feindesliebe lebendig erhalten und sein Wirken ins Heute wahrnehmen und f\u00f6rdern.<\/p>\n<p>Arbeitsschwerpunkte sind der Einsatz f\u00fcr die Anerkennung Franz J\u00e4gerst\u00e4tters im \u00f6ffentlichen Leben, das Organisieren von Veranstaltungen zu den Gedenktagen am 21. Mai und 9. August, das Zeugnis anderer M\u00e4rtyrer zu beleuchten und Ansprechpartner f\u00fcr internationale Kontakte zu sein.<\/p>\n<p>Franz und Franziska J\u00e4gerst\u00e4tter, das Gedenken und die Kirche in St. Radegund sind spirituelle Kraftquellen f\u00fcr viele Menschen aus dem In- und Ausland. Darum ist es uns ein Anliegen, den Todestag auch nach der Seligsprechung w\u00fcrdig zu gestalten.<\/p>\n<p>Kontakt:<\/p>\n<p>Vorsitzender: Georg Haigermoser<\/p>\n<p><a href=\"https:\/\/www.paxchristi.at\/wp-content\/uploads\/2023\/11\/Haigermoser.jpg\"><img decoding=\"async\" loading=\"lazy\" class=\"alignnone size-full wp-image-10198\" src=\"https:\/\/www.paxchristi.at\/wp-content\/uploads\/2023\/11\/Haigermoser.jpg\" alt=\"\" width=\"153\" height=\"204\" \/><\/a><\/p>\n<p><a href=\"mailto:g.haigermoser@gmx.de\">g.haigermoser@gmx.de<\/a><\/p>\n","protected":false},"excerpt":{"rendered":"<p>J\u00e4gerst\u00e4tter-Kommission Wir wollen Franz J\u00e4gerst\u00e4tters prophetisches Zeugnis sowie seine Botschaft von Gewaltfreiheit und Feindesliebe lebendig erhalten und sein Wirken ins Heute wahrnehmen und f\u00f6rdern. Arbeitsschwerpunkte sind der Einsatz f\u00fcr die Anerkennung Franz J\u00e4gerst\u00e4tters im \u00f6ffentlichen Leben, das Organisieren von Veranstaltungen zu den Gedenktagen am 21. Mai und 9. August, das Zeugnis anderer M\u00e4rtyrer zu beleuchten &hellip; <\/p>\n<p class=\"link-more\"><a href=\"https:\/\/www.paxchristi.at\/?page_id=10176\" class=\"more-link\"><span class=\"screen-reader-text\">\u201eJ\u00e4gerst\u00e4tter-Kommission\u201c<\/span> weiterlesen<\/a><\/p>\n","protected":false},"author":1,"featured_media":0,"parent":0,"menu_order":0,"comment_status":"closed","ping_status":"closed","template":"","meta":{"footnotes":"","_mc_calendar":[]},"_links":{"self":[{"href":"https:\/\/www.paxchristi.at\/index.php?rest_route=\/wp\/v2\/pages\/10176"}],"collection":[{"href":"https:\/\/www.paxchristi.at\/index.php?rest_route=\/wp\/v2\/pages"}],"about":[{"href":"https:\/\/www.paxchristi.at\/index.php?rest_route=\/wp\/v2\/types\/page"}],"author":[{"embeddable":true,"href":"https:\/\/www.paxchristi.at\/index.php?rest_route=\/wp\/v2\/users\/1"}],"replies":[{"embeddable":true,"href":"https:\/\/www.paxchristi.at\/index.php?rest_route=%2Fwp%2Fv2%2Fcomments&post=10176"}],"version-history":[{"count":3,"href":"https:\/\/www.paxchristi.at\/index.php?rest_route=\/wp\/v2\/pages\/10176\/revisions"}],"predecessor-version":[{"id":10199,"href":"https:\/\/www.paxchristi.at\/index.php?rest_route=\/wp\/v2\/pages\/10176\/revisions\/10199"}],"wp:attachment":[{"href":"https:\/\/www.paxchristi.at\/index.php?rest_route=%2Fwp%2Fv2%2Fmedia&parent=10176"}],"curies":[{"name":"wp","href":"https:\/\/api.w.org\/{rel}","templated":true}]}}