{"id":10200,"date":"2023-11-23T16:25:48","date_gmt":"2023-11-23T15:25:48","guid":{"rendered":"https:\/\/www.paxchristi.at\/?page_id=10200"},"modified":"2025-11-03T11:16:37","modified_gmt":"2025-11-03T10:16:37","slug":"internationales-jaegerstaetter-gedenken","status":"publish","type":"page","link":"https:\/\/www.paxchristi.at\/?page_id=10200","title":{"rendered":"Internationales J\u00e4gerst\u00e4tter-Gedenken"},"content":{"rendered":"<p><strong>Internationales J\u00e4gerst\u00e4tter-Gedenken<\/strong><\/p>\n<p>Das Internationale J\u00e4gerst\u00e4tter-Gedenken findet j\u00e4hrlich am 8. und 9. August zum Gedenktag von Franz J\u00e4gerst\u00e4tter in St. Radegund statt. Dazu sind alle Interessierten eingeladen.<\/p>\n<p>Hier finden Sie einige Monate im Voraus das Programm f\u00fcr das kommende Gedenken sowie die Berichte aus den vergangenen Jahren.<\/p>\n<p>&nbsp;<\/p>\n<p>Vom J\u00e4gerst\u00e4tter-Gedenken 2025 sind mehrere Videos \u00fcber YouTube verf\u00fcgbar. Hier finden Sie die Links dazu:<\/p>\n<p>Vortrag Erna Putz:\u00a0<span class=\"v1video-url-fadeable v1style-scope v1ytcp-video-info\"><a class=\"v1style-scope v1ytcp-video-info v1moz-txt-link-freetext\" href=\"https:\/\/youtu.be\/A1Z8b359xms\" target=\"_blank\" rel=\"noopener noreferrer\">https:\/\/youtu.be\/A1Z8b359xms<\/a><\/span><\/p>\n<p>Vortrag Wolfgang Palaver:\u00a0<span class=\"v1video-url-fadeable v1style-scope v1ytcp-video-info\"><a class=\"v1style-scope v1ytcp-video-info\" href=\"https:\/\/youtu.be\/a1luLHy0uug\" target=\"_blank\" rel=\"noopener noreferrer\">https:\/\/youtu.be\/a1luLHy0uug\u00a0<\/a><\/span><\/p>\n<p>Predigt Manfred Scheuer:\u00a0<span class=\"v1video-url-fadeable v1style-scope v1ytcp-video-info\"><a class=\"v1style-scope v1ytcp-video-info\" href=\"https:\/\/youtu.be\/Hu-LwjWaevE\" target=\"_blank\" rel=\"noopener noreferrer\">https:\/\/youtu.be\/Hu-LwjWaevE\u00a0\u00a0<\/a><\/span><\/p>\n<p>&nbsp;<\/p>\n<p><strong><a href=\"https:\/\/www.paxchristi.at\/wp-content\/uploads\/2025\/05\/Jaegerstaetter-Gedenken-2025-08_Programm.pdf\">Internationales J\u00e4gerst\u00e4tter-Gedenken 2025 in St. Radegund\/O\u00d6<\/a><\/strong><\/p>\n<p><a href=\"https:\/\/www.paxchristi.at\/wp-content\/uploads\/2024\/06\/Jaegerstaetter-Gedenken-2024-08_Programm.pdf\">Internationales J\u00e4gerst\u00e4tter-Gedenken 2024 in St. Radegund\/O\u00d6<\/a><\/p>\n<p><a href=\"https:\/\/www.paxchristi.at\/?p=10082\">Internationales J\u00e4gerst\u00e4tter-Gedenken 2023 in St. Radegund\/O\u00d6<\/a><\/p>\n<p><a href=\"https:\/\/www.paxchristi.at\/?p=9828\">Internationales J\u00e4gerst\u00e4tter-Gedenken 2022 in St. Radegund\/O\u00d6<\/a><\/p>\n<p><a href=\"https:\/\/www.paxchristi.at\/?p=9488\">Internationales J\u00e4gerst\u00e4tter-Gedenken 2021 in St. Radegund\/O\u00d6<\/a><\/p>\n<p><a href=\"https:\/\/www.paxchristi.at\/?p=9081\">Internationales J\u00e4gerst\u00e4tter-Gedenken 2020 in St. Radegund\/O\u00d6<\/a><\/p>\n<p><a href=\"https:\/\/www.paxchristi.at\/?p=8680\">Internationales J\u00e4gerst\u00e4tter-Gedenken 2019 in St. Radegund\/O\u00d6<\/a><\/p>\n<p><a href=\"https:\/\/www.paxchristi.at\/?p=8267\">Internationales J\u00e4gerst\u00e4tter-Gedenken 2018 in St. Radegund\/O\u00d6<\/a><\/p>\n<p><a href=\"https:\/\/www.paxchristi.at\/?p=7924\">Internationales J\u00e4gerst\u00e4tter-Gedenken 2017 in St. Radegund\/O\u00d6<\/a><\/p>\n<p><a href=\"https:\/\/www.paxchristi.at\/?p=7559\">Internationales J\u00e4gerst\u00e4tter-Gedenken 2016 in St. Radegund\/O\u00d6<\/a><\/p>\n<p><a href=\"https:\/\/www.paxchristi.at\/?p=6995\">Internationales J\u00e4gerst\u00e4tter-Gedenken 2015 in St. Radegund\/O\u00d6<\/a><\/p>\n<p>&nbsp;<\/p>\n","protected":false},"excerpt":{"rendered":"<p>Internationales J\u00e4gerst\u00e4tter-Gedenken Das Internationale J\u00e4gerst\u00e4tter-Gedenken findet j\u00e4hrlich am 8. und 9. August zum Gedenktag von Franz J\u00e4gerst\u00e4tter in St. Radegund statt. Dazu sind alle Interessierten eingeladen. Hier finden Sie einige Monate im Voraus das Programm f\u00fcr das kommende Gedenken sowie die Berichte aus den vergangenen Jahren. &nbsp; Vom J\u00e4gerst\u00e4tter-Gedenken 2025 sind mehrere Videos \u00fcber YouTube &hellip; <\/p>\n<p class=\"link-more\"><a href=\"https:\/\/www.paxchristi.at\/?page_id=10200\" class=\"more-link\"><span class=\"screen-reader-text\">\u201eInternationales J\u00e4gerst\u00e4tter-Gedenken\u201c<\/span> weiterlesen<\/a><\/p>\n","protected":false},"author":1,"featured_media":0,"parent":0,"menu_order":0,"comment_status":"closed","ping_status":"closed","template":"","meta":{"footnotes":"","_mc_calendar":[]},"_links":{"self":[{"href":"https:\/\/www.paxchristi.at\/index.php?rest_route=\/wp\/v2\/pages\/10200"}],"collection":[{"href":"https:\/\/www.paxchristi.at\/index.php?rest_route=\/wp\/v2\/pages"}],"about":[{"href":"https:\/\/www.paxchristi.at\/index.php?rest_route=\/wp\/v2\/types\/page"}],"author":[{"embeddable":true,"href":"https:\/\/www.paxchristi.at\/index.php?rest_route=\/wp\/v2\/users\/1"}],"replies":[{"embeddable":true,"href":"https:\/\/www.paxchristi.at\/index.php?rest_route=%2Fwp%2Fv2%2Fcomments&post=10200"}],"version-history":[{"count":7,"href":"https:\/\/www.paxchristi.at\/index.php?rest_route=\/wp\/v2\/pages\/10200\/revisions"}],"predecessor-version":[{"id":10692,"href":"https:\/\/www.paxchristi.at\/index.php?rest_route=\/wp\/v2\/pages\/10200\/revisions\/10692"}],"wp:attachment":[{"href":"https:\/\/www.paxchristi.at\/index.php?rest_route=%2Fwp%2Fv2%2Fmedia&parent=10200"}],"curies":[{"name":"wp","href":"https:\/\/api.w.org\/{rel}","templated":true}]}}