{"id":1476,"date":"2011-02-07T15:02:48","date_gmt":"2011-02-07T15:02:48","guid":{"rendered":"http:\/\/www.paxchristi.at\/?page_id=1476"},"modified":"2025-12-22T11:54:34","modified_gmt":"2025-12-22T10:54:34","slug":"friedenserziehung","status":"publish","type":"page","link":"https:\/\/www.paxchristi.at\/?page_id=1476","title":{"rendered":"Friedensp\u00e4dagogik"},"content":{"rendered":"<p><span style=\"font-size: 14px;\"><span style=\"font-family: verdana,geneva,sans-serif;\"><b>Pax Christi \u00d6sterreich<\/b> hat diese kommentierte Linkliste als Service f\u00fcr seine Mitglieder zusammengestellt. Nur aus rechtlichen Gr\u00fcnden distanzieren wir uns gleichzeitig von allen Websites, die Sie \u00fcber diese Liste erreichen k\u00f6nnen.<\/span><\/span><\/p>\n<p><span style=\"font-size: 14px;\"><span style=\"font-family: verdana,geneva,sans-serif;\"><b>Institut f\u00fcr Friedensp\u00e4dagogik T\u00fcbingen<\/b><br \/>\nEine der gr\u00f6\u00dften Linkseiten: Theorie, Praxis, in und au\u00dferhalb der Schule<br \/>\n<a href=\"http:\/\/www.friedenspaedagogik.de\/themen\/f_erzieh\/fe_in.htm\">http:\/\/www.friedenspaedagogik.de\/themen\/f_erzieh\/fe_in.htm<\/a><\/span><\/span><\/p>\n<p><span style=\"font-family: verdana,geneva,sans-serif;\"><span style=\"font-size: 14px;\"><b>Friedensnews.at<\/b><br \/>\nDie vermutlich gr\u00f6\u00dfte Sammlung in \u00d6sterreich<br \/>\n<a href=\"http:\/\/www.friedensnews.at\/friedenserziehung\/\">http:\/\/www.friedensnews.at\/friedenserziehung\/<\/a><br \/>\nZus\u00e4tzliche Hinweise erhalten Sie, wenn Sie auf dieser Website in das Suchfeld links &#8222;Friedenserziehung&#8220; eintippen und auf den Knopf &#8222;friedensnews.at&#8220; darunter klicken.<\/span><\/span><\/p>\n<p><span style=\"font-size: 14px;\"><span style=\"font-family: verdana,geneva,sans-serif;\"><b>Friedenserziehung Links<\/b><br \/>\nListe von Andreas Landl und den MitarbeiterInnen von Friedensnews<br \/>\n<a href=\"http:\/\/www.friedensnews.at\/stories\/storyReader$862\">http:\/\/www.friedensnews.at\/stories\/storyReader$862<\/a><\/span><\/span><\/p>\n<p><span style=\"font-size: 14px;\"><span style=\"font-family: verdana,geneva,sans-serif;\"><b>Deutsche Materialien zur Friedenserziehung<\/b><br \/>\nEine riesige Menge von Infografiken und Unterrichtsmaterialen mit weiteren Verlinkungen<br \/>\n<a href=\"http:\/\/www.friedensnews.at\/stories\/storyReader$2612\">http:\/\/www.friedensnews.at\/stories\/storyReader$2612<\/a><\/span><\/span><\/p>\n<p><span style=\"font-size: 14px;\"><span style=\"font-family: verdana,geneva,sans-serif;\"><strong>Literaturhinweis:<\/strong><\/span><\/span><\/p>\n<p><span style=\"font-family: verdana,geneva,sans-serif;\"><span style=\"font-size: 14px;\"><strong>Handbuch Gewaltpr\u00e4vention<\/strong><br \/>\n<em>G\u00fcnther Gugel<\/em><br \/>\nHandbuch Gewaltpr\u00e4vention<br \/>\nF\u00fcr die Grundschule und die Arbeit mit Kindern.<br \/>\nGrundlagen &#8211; Lernfelder &#8211; Handlungsm\u00f6glichkeiten.<br \/>\nT\u00fcbingen 2008, 536 Seiten<\/span><\/span><\/p>\n<p><span style=\"font-family: verdana,geneva,sans-serif;\"><span style=\"font-size: 14px;\"><b>Gewalt ist keine L\u00f6sung!<br \/>\nGewaltpr\u00e4vention und Konfliktmanagement an Schulen<\/b><br \/>\n<i>Rupert Herzog<\/i><br \/>\nBuch, 110 Seiten<\/span><\/span><\/p>\n<p><span style=\"font-size: 12px;\">Bitte senden Sie Verbesserungsvorschl\u00e4ge zur dieser Website an\u00a0<a href=\"mailto:office@paxchristi.at?subject=Verbesserungsvorschlag\">office@paxchristi.at<\/a><\/span><\/p>\n","protected":false},"excerpt":{"rendered":"<p>Pax Christi \u00d6sterreich hat diese kommentierte Linkliste als Service f\u00fcr seine Mitglieder zusammengestellt. Nur aus rechtlichen Gr\u00fcnden distanzieren wir uns gleichzeitig von allen Websites, die Sie \u00fcber diese Liste erreichen k\u00f6nnen. Institut f\u00fcr Friedensp\u00e4dagogik T\u00fcbingen Eine der gr\u00f6\u00dften Linkseiten: Theorie, Praxis, in und au\u00dferhalb der Schule http:\/\/www.friedenspaedagogik.de\/themen\/f_erzieh\/fe_in.htm Friedensnews.at Die vermutlich gr\u00f6\u00dfte Sammlung in \u00d6sterreich http:\/\/www.friedensnews.at\/friedenserziehung\/ &hellip; <\/p>\n<p class=\"link-more\"><a href=\"https:\/\/www.paxchristi.at\/?page_id=1476\" class=\"more-link\"><span class=\"screen-reader-text\">\u201eFriedensp\u00e4dagogik\u201c<\/span> weiterlesen<\/a><\/p>\n","protected":false},"author":1,"featured_media":0,"parent":463,"menu_order":0,"comment_status":"closed","ping_status":"closed","template":"","meta":{"footnotes":"","_mc_calendar":[]},"_links":{"self":[{"href":"https:\/\/www.paxchristi.at\/index.php?rest_route=\/wp\/v2\/pages\/1476"}],"collection":[{"href":"https:\/\/www.paxchristi.at\/index.php?rest_route=\/wp\/v2\/pages"}],"about":[{"href":"https:\/\/www.paxchristi.at\/index.php?rest_route=\/wp\/v2\/types\/page"}],"author":[{"embeddable":true,"href":"https:\/\/www.paxchristi.at\/index.php?rest_route=\/wp\/v2\/users\/1"}],"replies":[{"embeddable":true,"href":"https:\/\/www.paxchristi.at\/index.php?rest_route=%2Fwp%2Fv2%2Fcomments&post=1476"}],"version-history":[{"count":20,"href":"https:\/\/www.paxchristi.at\/index.php?rest_route=\/wp\/v2\/pages\/1476\/revisions"}],"predecessor-version":[{"id":10737,"href":"https:\/\/www.paxchristi.at\/index.php?rest_route=\/wp\/v2\/pages\/1476\/revisions\/10737"}],"up":[{"embeddable":true,"href":"https:\/\/www.paxchristi.at\/index.php?rest_route=\/wp\/v2\/pages\/463"}],"wp:attachment":[{"href":"https:\/\/www.paxchristi.at\/index.php?rest_route=%2Fwp%2Fv2%2Fmedia&parent=1476"}],"curies":[{"name":"wp","href":"https:\/\/api.w.org\/{rel}","templated":true}]}}