{"id":162,"date":"2010-07-06T17:45:51","date_gmt":"2010-07-06T17:45:51","guid":{"rendered":"http:\/\/www.paxchristi.at\/?page_id=162"},"modified":"2025-09-18T12:28:38","modified_gmt":"2025-09-18T10:28:38","slug":"wien","status":"publish","type":"page","link":"https:\/\/www.paxchristi.at\/?page_id=162","title":{"rendered":"Wien"},"content":{"rendered":"<p><strong>PAX CHRISTI: Menschen in Wien machen Frieden<\/strong><\/p>\n<p>\u201eWir wollen nicht warten und zusehen, dass der Frieden vom Himmel f\u00e4llt\u201c, fasst Christoph Gstaltmeyr die Begegnung zur Aktivierung von Pax Christi in Wien zusammen. Ein kleiner Kreis engagierter Frauen und M\u00e4nner folgte der Einladung von ihm und seiner Frau Myriam, die Friedensgruppe Pax Christi in Wien neu zu beleben. In der Pfarre Hildegard-Burjan trafen sie sich zum ersten Austausch.<\/p>\n<p>Wieder einmal hei\u00dft es in der Gesellschaft: \u201eJetzt haben wir keine Zeit f\u00fcr den Frieden\u201c oder \u201eGewaltfreiheit ist derzeit kein Thema\u201c. Doch das Kriegsgeschrei findet immer wieder offene Ohren \u2013 darin waren sich alle Teilnehmenden einig. W\u00e4hrend die Phrase <em>\u201eWer den Frieden will, muss f\u00fcr den Krieg r\u00fcsten\u201c<\/em> noch immer als Buchtitel taugt, werden die Erfolgsgeschichten gewaltfreien Handelns oft in die hinterste Schublade der Gesellschaft verbannt.<\/p>\n<p>Ein Beispiel daf\u00fcr ist das Buch <em>\u201eWie Feinde Freunde werden\u201c<\/em>, in dem Hildegard Goss-Mayr von der jahrzehntelangen Friedensarbeit mit ihrem Mann Jean Goss in aller Welt erz\u00e4hlt. Die Gruppe in Wien m\u00f6chte sich k\u00fcnftig regelm\u00e4\u00dfig treffen, um sich gemeinsam mit anderen Glaubenden auch im Gebet f\u00fcr den Frieden einzusetzen \u2013 denn Frieden liegt nicht allein in unserer Hand. Gleichzeitig wollen sie auf gelungene Beispiele gewaltfreier Friedensarbeit aufmerksam machen.<\/p>\n<p>\u201eWir wissen\u201c, so Gstaltmeyr, \u201eFrieden unter Menschen macht sich nicht von selbst. Wir machen etwas f\u00fcr den Frieden.\u201c Die Pfarre Hildegard-Burjan stellt daf\u00fcr Raum zur Verf\u00fcgung. Weitere Begegnungen sind bereits in Vorbereitung.<\/p>\n<p><strong>Interessierte wenden sich bitte an:<\/strong><br \/>\n\ud83d\udce7<\/p>\n<p><em><a href=\"mailto:wien@paxchristi.atwien@paxchristi.at\">wien@paxchristi.at<\/a><\/em><\/p>\n<hr \/>\n<p>Wir wollen die Wiener Gruppe wiederbeleben. Dazu laden wir alle Menschen guten Willens ein.<br \/>\nDatum:\u00a0 Mittwoch, 17.September 2025 ab 18:00 Uhr<br \/>\nOrt:\u00a0 \u00a0 \u00a0 \u00a0 \u00a0 Pfarre Rudolfsheim, 1150 Wien, Meiselstra\u00dfe 1,<br \/>\nU3-Station Johnstra\u00dfe, Ausgang Wasserwelt<\/p>\n<p style=\"text-align: center;\"><strong>THEMA:<br \/>\n<\/strong>GEBET F\u00dcR DEN FRIEDEN<br \/>\n<strong>FRIEDEN SCHAFFEN &#8211; OHNE WAFFEN<\/strong><br \/>\nDer 17.September ist der Gedenktag der Hl. Hildegard von Bingen. Sie ist keine traditionelle \u201eFriedenspatronin\u201c, aber ihr ganzheitliches Menschenbild ist eine gute Schule dem aktuellen Kriegsgeschrei die Wege des Friedens gegen\u00fcberzustellen .<\/p>\n<p>Der gewaltfreien Friedensarbeit von Jean Goss und Hildegard Goss-Mayr folgend, wollen wir die gelungenen Beispiele gewaltfreier Friedensarbeit aufzeigen. Dar\u00fcber hinaus zur gewaltfreien Konfliktl\u00f6sung und Vers\u00f6hnung ermutigen und befl\u00fcgeln.<br \/>\nKleine Agape<br \/>\nWir lassen uns vom Geist Gottes f\u00fchren!<\/p>\n<p><strong><em>Bitte um euer Kommen, Ideen, Vorschl\u00e4ge und R\u00fcckmeldungen<\/em><\/strong><\/p>\n<p><strong><span style=\"font-size: 14px;\"><span style=\"font-family: verdana,geneva,sans-serif;\">Kontaktperson:<\/span><\/span><\/strong><\/p>\n<p><span style=\"font-family: verdana, geneva, sans-serif;\"><span style=\"font-size: 14px; line-height: 22.3999996185303px;\">Christoph Gstaltmeyr und Myriam Gstaltmeyr-Gos<\/span><\/span><br \/>\n<span style=\"font-family: verdana, geneva, sans-serif;\"><span style=\"font-size: 14px;\">mobil: 0664 1235 987<\/span><\/span><br \/>\nE-Mail: <a class=\"email\" title=\"Nachricht verfassen\" href=\"mailto:wien@paxchristi.at\">wien@paxchristi.at<\/a><\/p>\n","protected":false},"excerpt":{"rendered":"<p>PAX CHRISTI: Menschen in Wien machen Frieden \u201eWir wollen nicht warten und zusehen, dass der Frieden vom Himmel f\u00e4llt\u201c, fasst Christoph Gstaltmeyr die Begegnung zur Aktivierung von Pax Christi in Wien zusammen. Ein kleiner Kreis engagierter Frauen und M\u00e4nner folgte der Einladung von ihm und seiner Frau Myriam, die Friedensgruppe Pax Christi in Wien neu &hellip; <\/p>\n<p class=\"link-more\"><a href=\"https:\/\/www.paxchristi.at\/?page_id=162\" class=\"more-link\"><span class=\"screen-reader-text\">\u201eWien\u201c<\/span> weiterlesen<\/a><\/p>\n","protected":false},"author":1,"featured_media":0,"parent":3,"menu_order":9,"comment_status":"closed","ping_status":"closed","template":"","meta":{"footnotes":"","_mc_calendar":[]},"_links":{"self":[{"href":"https:\/\/www.paxchristi.at\/index.php?rest_route=\/wp\/v2\/pages\/162"}],"collection":[{"href":"https:\/\/www.paxchristi.at\/index.php?rest_route=\/wp\/v2\/pages"}],"about":[{"href":"https:\/\/www.paxchristi.at\/index.php?rest_route=\/wp\/v2\/types\/page"}],"author":[{"embeddable":true,"href":"https:\/\/www.paxchristi.at\/index.php?rest_route=\/wp\/v2\/users\/1"}],"replies":[{"embeddable":true,"href":"https:\/\/www.paxchristi.at\/index.php?rest_route=%2Fwp%2Fv2%2Fcomments&post=162"}],"version-history":[{"count":18,"href":"https:\/\/www.paxchristi.at\/index.php?rest_route=\/wp\/v2\/pages\/162\/revisions"}],"predecessor-version":[{"id":10652,"href":"https:\/\/www.paxchristi.at\/index.php?rest_route=\/wp\/v2\/pages\/162\/revisions\/10652"}],"up":[{"embeddable":true,"href":"https:\/\/www.paxchristi.at\/index.php?rest_route=\/wp\/v2\/pages\/3"}],"wp:attachment":[{"href":"https:\/\/www.paxchristi.at\/index.php?rest_route=%2Fwp%2Fv2%2Fmedia&parent=162"}],"curies":[{"name":"wp","href":"https:\/\/api.w.org\/{rel}","templated":true}]}}