{"id":6334,"date":"2015-01-29T15:21:59","date_gmt":"2015-01-29T14:21:59","guid":{"rendered":"http:\/\/www.paxchristi.at\/?page_id=6334"},"modified":"2021-09-13T16:19:37","modified_gmt":"2021-09-13T14:19:37","slug":"gottesdienstbehelfe","status":"publish","type":"page","link":"https:\/\/www.paxchristi.at\/?page_id=6334","title":{"rendered":"Gottesdienstbehelfe"},"content":{"rendered":"<p style=\"text-align: justify;\"><span style=\"font-family: verdana,geneva,sans-serif;\"><span style=\"font-size: 14px;\">Pax Christi will zu bestimmten kirchlichen und politischen Anl\u00e4ssen Texte zur Verf\u00fcgung stellen (z.B. zum Weltfriedenstag der Katholischen Kirche am 1. J\u00e4nner oder zum UNO-Weltfriedenstag am 21. September). Diese Texte sollen die Besinnung auf Themen des Friedens und der Gerechtigkeit bei Gottesdiensten erm\u00f6glichen.\u00a0<\/span><\/span><\/p>\n<p><strong><span style=\"font-size: 14px;\"><span style=\"font-family: verdana,geneva,sans-serif;\">Wir m\u00f6chten dazu einladen, mit den folgenden Vorschl\u00e4gen Gottesdienste oder eigene Gebetsandachten liturgisch zu gestalten.<\/span><\/span><\/strong><\/p>\n<p>&nbsp;<\/p>\n<p><strong>Gottesdienstvorschlag zum UNO-Weltfriedenstag am 21. September<\/strong><\/p>\n<p>&#8222;Setzt dem B\u00f6sen keine Gewalt entgegen&#8220;<br \/>\n<a href=\"https:\/\/www.paxchristi.at\/wp-content\/uploads\/2021\/09\/Predigt_Friede_Wolfgang_Palaver.pdf\">Gottesdienstunterlage 2021<\/a><\/p>\n<p>&nbsp;<\/p>\n<p><strong><span style=\"font-size: 14px;\"><span style=\"font-family: verdana,geneva,sans-serif;\">Gottesdienstvorschl\u00e4ge zum Weltfriedenstag der Katholischen Kirche am 1. J\u00e4nner:<\/span><\/span><\/strong><\/p>\n<p><span style=\"font-family: verdana, geneva, sans-serif; font-size: 14px; line-height: 22.3999996185303px;\">\u201eNicht l\u00e4nger Sklaven, sondern Schwestern und Br\u00fcder\u201c:<\/span><br \/>\n<a style=\"font-family: verdana, geneva, sans-serif; font-size: 14px; line-height: 22.3999996185303px;\" href=\"http:\/\/www.paxchristi.at\/wp-content\/uploads\/2015\/01\/Gottesdienstbehelf-zum-Weltfriedenstag-2015.pdf\">Gottesdienstunterlage Weltfriedenstag 2015<\/a><\/p>\n<p><span style=\"font-family: verdana, geneva, sans-serif; font-size: 14px; line-height: 22.3999996185303px;\">\u201eJugend lehrt und lernt Frieden\u201c:<\/span><br \/>\n<a style=\"font-family: verdana, geneva, sans-serif; font-size: 14px; line-height: 20.7999992370605px;\" href=\"http:\/\/www.paxchristi.at\/wp-content\/uploads\/2015\/01\/Gottesdienstbehelf_2012.pdf\">Gottesdienstunterlage Weltfriedenstag 2012<\/a><\/p>\n<p><span style=\"line-height: 20.7999992370605px;\"><span style=\"font-size: 14px;\"><span style=\"font-family: verdana, geneva, sans-serif;\">\u201eReligionsfreiheit \u2013 der Weg zum Frieden\u201c:<\/span><\/span><\/span><br \/>\n<span style=\"line-height: 20.7999992370605px; font-family: verdana, geneva, sans-serif;\"><span style=\"font-size: 14px;\"><a style=\"line-height: 20.7999992370605px;\" href=\"http:\/\/www.paxchristi.at\/wp-content\/uploads\/2015\/01\/Gottesdienstunterlage_Weltfriedenstag_20113.pdf\">Gottesdienstunterlage Weltfriedenstag_2011<\/a><\/span><\/span><\/p>\n<p><span style=\"font-family: verdana, geneva, sans-serif; font-size: 14px; line-height: 22.3999996185303px;\">&#8222;Wenn du den Frieden willst, bewahre die Sch\u00f6pfung&#8220;:<\/span><br \/>\n<a style=\"font-family: verdana, geneva, sans-serif; font-size: 14px; line-height: 22.3999996185303px;\" href=\"http:\/\/www.paxchristi.at\/wp-content\/uploads\/2015\/01\/fertig_GodiUnterlage20101.pdf\">Gottesdienstunterlage Weltfriedenstag 2010<\/a><\/p>\n<p><span style=\"line-height: 20.7999992370605px; font-family: verdana, geneva, sans-serif;\"><span style=\"font-size: 14px;\">\u201eDie Armut bek\u00e4mpfen \u2013 den Frieden aufbauen\u201c:<\/span><\/span><br \/>\n<span style=\"line-height: 20.7999992370605px; font-family: verdana, geneva, sans-serif;\"><span style=\"font-size: 14px;\"><a href=\"http:\/\/www.paxchristi.at\/wp-content\/uploads\/2015\/01\/GodiUnterlage2009.pdf\">Gottesdienstunterlage Weltfriedenstag 2009<\/a><\/span><\/span><\/p>\n<p><span style=\"font-size: 14px;\"><span style=\"font-family: verdana,geneva,sans-serif;\">\u201eDas Herz des Friedens \u2013 die menschliche Person\u201c:<\/span><\/span><br \/>\n<a href=\"http:\/\/www.paxchristi.at\/wp-content\/uploads\/2015\/01\/GodiUnterlage-2007.pdf\"><span style=\"font-family: verdana,geneva,sans-serif;\"><span style=\"font-size: 14px;\">Gottesdienstunterlage Weltfriedenstag 2007<\/span><\/span><\/a><\/p>\n","protected":false},"excerpt":{"rendered":"<p>Pax Christi will zu bestimmten kirchlichen und politischen Anl\u00e4ssen Texte zur Verf\u00fcgung stellen (z.B. zum Weltfriedenstag der Katholischen Kirche am 1. J\u00e4nner oder zum UNO-Weltfriedenstag am 21. September). Diese Texte sollen die Besinnung auf Themen des Friedens und der Gerechtigkeit bei Gottesdiensten erm\u00f6glichen.\u00a0 Wir m\u00f6chten dazu einladen, mit den folgenden Vorschl\u00e4gen Gottesdienste oder eigene Gebetsandachten &hellip; <\/p>\n<p class=\"link-more\"><a href=\"https:\/\/www.paxchristi.at\/?page_id=6334\" class=\"more-link\"><span class=\"screen-reader-text\">\u201eGottesdienstbehelfe\u201c<\/span> weiterlesen<\/a><\/p>\n","protected":false},"author":1,"featured_media":0,"parent":0,"menu_order":0,"comment_status":"closed","ping_status":"closed","template":"","meta":{"footnotes":"","_mc_calendar":[]},"_links":{"self":[{"href":"https:\/\/www.paxchristi.at\/index.php?rest_route=\/wp\/v2\/pages\/6334"}],"collection":[{"href":"https:\/\/www.paxchristi.at\/index.php?rest_route=\/wp\/v2\/pages"}],"about":[{"href":"https:\/\/www.paxchristi.at\/index.php?rest_route=\/wp\/v2\/types\/page"}],"author":[{"embeddable":true,"href":"https:\/\/www.paxchristi.at\/index.php?rest_route=\/wp\/v2\/users\/1"}],"replies":[{"embeddable":true,"href":"https:\/\/www.paxchristi.at\/index.php?rest_route=%2Fwp%2Fv2%2Fcomments&post=6334"}],"version-history":[{"count":28,"href":"https:\/\/www.paxchristi.at\/index.php?rest_route=\/wp\/v2\/pages\/6334\/revisions"}],"predecessor-version":[{"id":9535,"href":"https:\/\/www.paxchristi.at\/index.php?rest_route=\/wp\/v2\/pages\/6334\/revisions\/9535"}],"wp:attachment":[{"href":"https:\/\/www.paxchristi.at\/index.php?rest_route=%2Fwp%2Fv2%2Fmedia&parent=6334"}],"curies":[{"name":"wp","href":"https:\/\/api.w.org\/{rel}","templated":true}]}}