{"id":6342,"date":"2015-01-29T15:23:42","date_gmt":"2015-01-29T14:23:42","guid":{"rendered":"http:\/\/www.paxchristi.at\/?page_id=6342"},"modified":"2025-12-22T11:24:53","modified_gmt":"2025-12-22T10:24:53","slug":"spenden","status":"publish","type":"page","link":"https:\/\/www.paxchristi.at\/?page_id=6342","title":{"rendered":"Spenden"},"content":{"rendered":"<p style=\"text-align: justify;\"><span style=\"font-size: 14px;\"><span style=\"font-family: verdana,geneva,sans-serif;\">Die vielf\u00e4ltige Arbeit von Pax Christi \u00d6sterreich in den Bereichen Frieden und Gerechtigkeit basiert auf dem Engagement von ehrenamtlichen MitarbeiterInnen und Funktion\u00e4rInnen. Die Finanzierung erfolgt \u00fcberwiegend aus Spenden im Rahmen von Veranstaltungen oder durch AbonnentInnen der Zeitung &#8222;pax&#8220;. Um unsere Arbeit f\u00fcr die Vision einer friedlicheren Gesellschaft weltweit durchsetzen zu k\u00f6nnen sind wir daher auf die Unterst\u00fctzung vieler Einzelner angewiesen.<\/span><\/span><\/p>\n<p style=\"text-align: justify;\"><span style=\"font-size: 14px;\"><span style=\"font-family: verdana,geneva,sans-serif;\">Wenn auch Sie unsere Arbeit unterst\u00fctzen wollen, k\u00f6nnen Sie dies durch \u00dcberweisung auf folgendes Konto:<\/span><\/span><\/p>\n<p><span style=\"font-size: 14px;\"><span style=\"font-family: verdana,geneva,sans-serif;\"><strong>Oesterr.Sektion Pax Christi<\/strong><br \/>\n<strong>(Hypo Ober\u00f6sterreich)<br \/>\nIBAN: AT50 5400 0000 0037 3019<\/strong><br \/>\n<strong>BIC: OBLAAT2L<\/strong><\/span><\/span><br \/>\n<span style=\"font-size: 14px;\"><span style=\"font-family: verdana,geneva,sans-serif;\"><strong>Danke.<\/strong><\/span><\/span><\/p>\n","protected":false},"excerpt":{"rendered":"<p>Die vielf\u00e4ltige Arbeit von Pax Christi \u00d6sterreich in den Bereichen Frieden und Gerechtigkeit basiert auf dem Engagement von ehrenamtlichen MitarbeiterInnen und Funktion\u00e4rInnen. Die Finanzierung erfolgt \u00fcberwiegend aus Spenden im Rahmen von Veranstaltungen oder durch AbonnentInnen der Zeitung &#8222;pax&#8220;. Um unsere Arbeit f\u00fcr die Vision einer friedlicheren Gesellschaft weltweit durchsetzen zu k\u00f6nnen sind wir daher auf &hellip; <\/p>\n<p class=\"link-more\"><a href=\"https:\/\/www.paxchristi.at\/?page_id=6342\" class=\"more-link\"><span class=\"screen-reader-text\">\u201eSpenden\u201c<\/span> weiterlesen<\/a><\/p>\n","protected":false},"author":1,"featured_media":0,"parent":0,"menu_order":0,"comment_status":"closed","ping_status":"closed","template":"","meta":{"footnotes":"","_mc_calendar":[]},"_links":{"self":[{"href":"https:\/\/www.paxchristi.at\/index.php?rest_route=\/wp\/v2\/pages\/6342"}],"collection":[{"href":"https:\/\/www.paxchristi.at\/index.php?rest_route=\/wp\/v2\/pages"}],"about":[{"href":"https:\/\/www.paxchristi.at\/index.php?rest_route=\/wp\/v2\/types\/page"}],"author":[{"embeddable":true,"href":"https:\/\/www.paxchristi.at\/index.php?rest_route=\/wp\/v2\/users\/1"}],"replies":[{"embeddable":true,"href":"https:\/\/www.paxchristi.at\/index.php?rest_route=%2Fwp%2Fv2%2Fcomments&post=6342"}],"version-history":[{"count":7,"href":"https:\/\/www.paxchristi.at\/index.php?rest_route=\/wp\/v2\/pages\/6342\/revisions"}],"predecessor-version":[{"id":10725,"href":"https:\/\/www.paxchristi.at\/index.php?rest_route=\/wp\/v2\/pages\/6342\/revisions\/10725"}],"wp:attachment":[{"href":"https:\/\/www.paxchristi.at\/index.php?rest_route=%2Fwp%2Fv2%2Fmedia&parent=6342"}],"curies":[{"name":"wp","href":"https:\/\/api.w.org\/{rel}","templated":true}]}}